{"id":817,"date":"2024-06-18T15:02:48","date_gmt":"2024-06-18T15:02:48","guid":{"rendered":"https:\/\/carpinteriajaviersanz.com\/?page_id=817"},"modified":"2024-06-18T15:57:15","modified_gmt":"2024-06-18T15:57:15","slug":"armario-montado","status":"publish","type":"page","link":"https:\/\/carpinteriajaviersanz.com\/eus\/armario-montado\/","title":{"rendered":"Armario montado"},"content":{"rendered":"<div data-elementor-type=\"wp-page\" data-elementor-id=\"817\" class=\"elementor elementor-817\" data-elementor-post-type=\"page\">\n\t\t\t\t<div class=\"elementor-element elementor-element-8b45579 e-con-full e-flex e-con e-parent\" data-id=\"8b45579\" data-element_type=\"container\" data-e-type=\"container\">\n\t\t\t\t<div class=\"elementor-element elementor-element-b575c23 elementor-widget__width-initial elementor-arrows-position-inside elementor-pagination-position-outside elementor-widget elementor-widget-image-carousel\" data-id=\"b575c23\" data-element_type=\"widget\" data-e-type=\"widget\" data-settings=\"{&quot;slides_to_show&quot;:&quot;1&quot;,&quot;navigation&quot;:&quot;both&quot;,&quot;autoplay&quot;:&quot;yes&quot;,&quot;pause_on_hover&quot;:&quot;yes&quot;,&quot;pause_on_interaction&quot;:&quot;yes&quot;,&quot;autoplay_speed&quot;:5000,&quot;infinite&quot;:&quot;yes&quot;,&quot;effect&quot;:&quot;slide&quot;,&quot;speed&quot;:500}\" data-widget_type=\"image-carousel.default\">\n\t\t\t\t<div class=\"elementor-widget-container\">\n\t\t\t\t\t\t\t<div class=\"elementor-image-carousel-wrapper swiper\" role=\"region\" aria-roledescription=\"carousel\" aria-label=\"Carrusel de im\u00e1genes\" dir=\"ltr\">\n\t\t\t<div class=\"elementor-image-carousel swiper-wrapper swiper-image-stretch\" aria-live=\"off\">\n\t\t\t\t\t\t\t\t<div class=\"swiper-slide\" role=\"group\" aria-roledescription=\"slide\" aria-label=\"1 de 3\"><figure class=\"swiper-slide-inner\"><img decoding=\"async\" class=\"swiper-slide-image\" src=\"https:\/\/carpinteriajaviersanz.com\/wp-content\/uploads\/elementor\/thumbs\/furniture-assembler-assembles-modern-sliding-door-wardrobe-qpuj3v8nhs9wx0jvlkh7njfcbedyoa7hyulyq1zv7i.jpg\" alt=\"Furniture assembler assembles modern sliding door wardrobe\" \/><\/figure><\/div><div class=\"swiper-slide\" role=\"group\" aria-roledescription=\"slide\" aria-label=\"2 de 3\"><figure class=\"swiper-slide-inner\"><img decoding=\"async\" class=\"swiper-slide-image\" src=\"https:\/\/carpinteriajaviersanz.com\/wp-content\/uploads\/elementor\/thumbs\/furniture-assembler-installing-drawers-in-wardrobe-qpuism47o6vbx2wcb7d0avnoaburiqj6r5fovsojpa.jpg\" alt=\"Furniture assembler installing drawers in wardrobe\" \/><\/figure><\/div><div class=\"swiper-slide\" role=\"group\" aria-roledescription=\"slide\" aria-label=\"3 de 3\"><figure class=\"swiper-slide-inner\"><img decoding=\"async\" class=\"swiper-slide-image\" src=\"https:\/\/carpinteriajaviersanz.com\/wp-content\/uploads\/elementor\/thumbs\/closeup-of-furniture-assembly-with-professional-tools-qpujhoh9x56liqhly1eusjy6k8b4s61i77ptlfilry.jpg\" alt=\"Closeup of furniture assembly with professional tools\" \/><\/figure><\/div>\t\t\t<\/div>\n\t\t\t\t\t\t\t\t\t\t\t\t<div class=\"elementor-swiper-button elementor-swiper-button-prev\" role=\"button\" tabindex=\"0\">\n\t\t\t\t\t\t<svg aria-hidden=\"true\" class=\"e-font-icon-svg e-eicon-chevron-left\" viewbox=\"0 0 1000 1000\" xmlns=\"http:\/\/www.w3.org\/2000\/svg\"><path d=\"M646 125C629 125 613 133 604 142L308 442C296 454 292 471 292 487 292 504 296 521 308 533L604 854C617 867 629 875 646 875 663 875 679 871 692 858 704 846 713 829 713 812 713 796 708 779 692 767L438 487 692 225C700 217 708 204 708 187 708 171 704 154 692 142 675 129 663 125 646 125Z\"><\/path><\/svg>\t\t\t\t\t<\/div>\n\t\t\t\t\t<div class=\"elementor-swiper-button elementor-swiper-button-next\" role=\"button\" tabindex=\"0\">\n\t\t\t\t\t\t<svg aria-hidden=\"true\" class=\"e-font-icon-svg e-eicon-chevron-right\" viewbox=\"0 0 1000 1000\" xmlns=\"http:\/\/www.w3.org\/2000\/svg\"><path d=\"M696 533C708 521 713 504 713 487 713 471 708 454 696 446L400 146C388 133 375 125 354 125 338 125 325 129 313 142 300 154 292 171 292 187 292 204 296 221 308 233L563 492 304 771C292 783 288 800 288 817 288 833 296 850 308 863 321 871 338 875 354 875 371 875 388 867 400 854L696 533Z\"><\/path><\/svg>\t\t\t\t\t<\/div>\n\t\t\t\t\n\t\t\t\t\t\t\t\t\t<div class=\"swiper-pagination\"><\/div>\n\t\t\t\t\t\t\t\t\t<\/div>\n\t\t\t\t\t\t<\/div>\n\t\t\t\t<\/div>\n\t\t\t\t<\/div>\n\t\t<div class=\"elementor-element elementor-element-f3688bd e-flex e-con-boxed e-con e-parent\" data-id=\"f3688bd\" data-element_type=\"container\" data-e-type=\"container\">\n\t\t\t\t\t<div class=\"e-con-inner\">\n\t\t\t\t<div class=\"elementor-element elementor-element-4947a2b elementor-widget elementor-widget-text-editor\" data-id=\"4947a2b\" data-element_type=\"widget\" data-e-type=\"widget\" data-widget_type=\"text-editor.default\">\n\t\t\t\t<div class=\"elementor-widget-container\">\n\t\t\t\t\t\t\t\t\tIn nuestra empresa de carpinter\u00eda, estamos comprometidos en ofrecerte soluciones de almacenamiento personalizadas que optimizan el espacio y embellecen tu hogar con funcionalidad y estilo. Nos enfocamos en el montaje de armarios a medida que se adaptan perfectamente a tus necesidades espec\u00edficas y complementan la est\u00e9tica de tu espacio. Contamos con un equipo de expertos carpinteros altamente capacitados y dedicados a asegurarte resultados de la m\u00e1s alta calidad. No dudes en ponerte en contacto con nosotros para obtener la soluci\u00f3n de almacenamiento perfecta para tu hogar.\t\t\t\t\t\t\t\t<\/div>\n\t\t\t\t<\/div>\n\t\t\t\t\t<\/div>\n\t\t\t\t<\/div>\n\t\t\t\t<\/div>","protected":false},"excerpt":{"rendered":"<p>In nuestra empresa de carpinter\u00eda, estamos comprometidos en ofrecerte soluciones de almacenamiento personalizadas que optimizan el espacio y embellecen tu hogar con funcionalidad y estilo. Nos enfocamos en el montaje de armarios a medida que se adaptan perfectamente a tus necesidades espec\u00edficas y complementan la est\u00e9tica de tu espacio. Contamos con un equipo de expertos [&hellip;]<\/p>\n","protected":false},"author":1,"featured_media":0,"parent":0,"menu_order":0,"comment_status":"closed","ping_status":"closed","template":"elementor_canvas","meta":{"footnotes":""},"class_list":["post-817","page","type-page","status-publish","hentry"],"yoast_head":"<!-- This site is optimized with the Yoast SEO plugin v27.4 - https:\/\/yoast.com\/product\/yoast-seo-wordpress\/ -->\n<title>Armario montado - Carpinter\u00eda Javier Sanz<\/title>\n<meta name=\"robots\" content=\"index, follow, max-snippet:-1, max-image-preview:large, max-video-preview:-1\" \/>\n<link rel=\"canonical\" href=\"https:\/\/carpinteriajaviersanz.com\/eus\/armario-montado\/\" \/>\n<meta property=\"og:locale\" content=\"en_US\" \/>\n<meta property=\"og:type\" content=\"article\" \/>\n<meta property=\"og:title\" content=\"Armario montado - Carpinter\u00eda Javier Sanz\" \/>\n<meta property=\"og:description\" content=\"In nuestra empresa de carpinter\u00eda, estamos comprometidos en ofrecerte soluciones de almacenamiento personalizadas que optimizan el espacio y embellecen tu hogar con funcionalidad y estilo. Nos enfocamos en el montaje de armarios a medida que se adaptan perfectamente a tus necesidades espec\u00edficas y complementan la est\u00e9tica de tu espacio. Contamos con un equipo de expertos [&hellip;]\" \/>\n<meta property=\"og:url\" content=\"https:\/\/carpinteriajaviersanz.com\/eus\/armario-montado\/\" \/>\n<meta property=\"og:site_name\" content=\"Carpinter\u00eda Javier Sanz\" \/>\n<meta property=\"article:modified_time\" content=\"2024-06-18T15:57:15+00:00\" \/>\n<meta property=\"og:image\" content=\"https:\/\/carpinteriajaviersanz.com\/wp-content\/uploads\/elementor\/thumbs\/furniture-assembler-assembles-modern-sliding-door-wardrobe-qpuj3v8nhs9wx0jvlkh7njfcbedyoa7hyulyq1zv7i.jpg\" \/>\n<meta name=\"twitter:card\" content=\"summary_large_image\" \/>\n<meta name=\"twitter:label1\" content=\"Est. reading time\" \/>\n\t<meta name=\"twitter:data1\" content=\"2 minutua\" \/>\n<script type=\"application\/ld+json\" class=\"yoast-schema-graph\">{\"@context\":\"https:\\\/\\\/schema.org\",\"@graph\":[{\"@type\":\"WebPage\",\"@id\":\"https:\\\/\\\/carpinteriajaviersanz.com\\\/armario-montado\\\/\",\"url\":\"https:\\\/\\\/carpinteriajaviersanz.com\\\/armario-montado\\\/\",\"name\":\"Armario montado - Carpinter\u00eda Javier Sanz\",\"isPartOf\":{\"@id\":\"https:\\\/\\\/carpinteriajaviersanz.com\\\/#website\"},\"primaryImageOfPage\":{\"@id\":\"https:\\\/\\\/carpinteriajaviersanz.com\\\/armario-montado\\\/#primaryimage\"},\"image\":{\"@id\":\"https:\\\/\\\/carpinteriajaviersanz.com\\\/armario-montado\\\/#primaryimage\"},\"thumbnailUrl\":\"https:\\\/\\\/carpinteriajaviersanz.com\\\/wp-content\\\/uploads\\\/elementor\\\/thumbs\\\/furniture-assembler-assembles-modern-sliding-door-wardrobe-qpuj3v8nhs9wx0jvlkh7njfcbedyoa7hyulyq1zv7i.jpg\",\"datePublished\":\"2024-06-18T15:02:48+00:00\",\"dateModified\":\"2024-06-18T15:57:15+00:00\",\"breadcrumb\":{\"@id\":\"https:\\\/\\\/carpinteriajaviersanz.com\\\/armario-montado\\\/#breadcrumb\"},\"inLanguage\":\"eu\",\"potentialAction\":[{\"@type\":\"ReadAction\",\"target\":[\"https:\\\/\\\/carpinteriajaviersanz.com\\\/armario-montado\\\/\"]}]},{\"@type\":\"ImageObject\",\"inLanguage\":\"eu\",\"@id\":\"https:\\\/\\\/carpinteriajaviersanz.com\\\/armario-montado\\\/#primaryimage\",\"url\":\"https:\\\/\\\/carpinteriajaviersanz.com\\\/wp-content\\\/uploads\\\/elementor\\\/thumbs\\\/furniture-assembler-assembles-modern-sliding-door-wardrobe-qpuj3v8nhs9wx0jvlkh7njfcbedyoa7hyulyq1zv7i.jpg\",\"contentUrl\":\"https:\\\/\\\/carpinteriajaviersanz.com\\\/wp-content\\\/uploads\\\/elementor\\\/thumbs\\\/furniture-assembler-assembles-modern-sliding-door-wardrobe-qpuj3v8nhs9wx0jvlkh7njfcbedyoa7hyulyq1zv7i.jpg\"},{\"@type\":\"BreadcrumbList\",\"@id\":\"https:\\\/\\\/carpinteriajaviersanz.com\\\/armario-montado\\\/#breadcrumb\",\"itemListElement\":[{\"@type\":\"ListItem\",\"position\":1,\"name\":\"Portada\",\"item\":\"https:\\\/\\\/carpinteriajaviersanz.com\\\/\"},{\"@type\":\"ListItem\",\"position\":2,\"name\":\"Armario montado\"}]},{\"@type\":\"WebSite\",\"@id\":\"https:\\\/\\\/carpinteriajaviersanz.com\\\/#website\",\"url\":\"https:\\\/\\\/carpinteriajaviersanz.com\\\/\",\"name\":\"Carpinter\u00eda Javier Sanz\",\"description\":\"Somos una empresa de carpinter\u00eda con tres d\u00e9cadas de experiencia, especializada en carpinter\u00eda interior. Dise\u00f1amos y fabricamos muebles a medida, instalamos puertas, armarios empotrados, revestimientos y restauramos piezas antiguas.\",\"publisher\":{\"@id\":\"https:\\\/\\\/carpinteriajaviersanz.com\\\/#organization\"},\"potentialAction\":[{\"@type\":\"SearchAction\",\"target\":{\"@type\":\"EntryPoint\",\"urlTemplate\":\"https:\\\/\\\/carpinteriajaviersanz.com\\\/?s={search_term_string}\"},\"query-input\":{\"@type\":\"PropertyValueSpecification\",\"valueRequired\":true,\"valueName\":\"search_term_string\"}}],\"inLanguage\":\"eu\"},{\"@type\":\"Organization\",\"@id\":\"https:\\\/\\\/carpinteriajaviersanz.com\\\/#organization\",\"name\":\"Carpinter\u00eda Javier Sanz\",\"url\":\"https:\\\/\\\/carpinteriajaviersanz.com\\\/\",\"logo\":{\"@type\":\"ImageObject\",\"inLanguage\":\"eu\",\"@id\":\"https:\\\/\\\/carpinteriajaviersanz.com\\\/#\\\/schema\\\/logo\\\/image\\\/\",\"url\":\"https:\\\/\\\/carpinteriajaviersanz.com\\\/wp-content\\\/uploads\\\/2024\\\/05\\\/cropped-Captura-desde-2024-05-21-12-48-39-1.png\",\"contentUrl\":\"https:\\\/\\\/carpinteriajaviersanz.com\\\/wp-content\\\/uploads\\\/2024\\\/05\\\/cropped-Captura-desde-2024-05-21-12-48-39-1.png\",\"width\":692,\"height\":253,\"caption\":\"Carpinter\u00eda Javier Sanz\"},\"image\":{\"@id\":\"https:\\\/\\\/carpinteriajaviersanz.com\\\/#\\\/schema\\\/logo\\\/image\\\/\"}}]}<\/script>\n<!-- \/ Yoast SEO plugin. -->","yoast_head_json":{"title":"Armario montado - Carpinter\u00eda Javier Sanz","robots":{"index":"index","follow":"follow","max-snippet":"max-snippet:-1","max-image-preview":"max-image-preview:large","max-video-preview":"max-video-preview:-1"},"canonical":"https:\/\/carpinteriajaviersanz.com\/eus\/armario-montado\/","og_locale":"en_US","og_type":"article","og_title":"Armario montado - Carpinter\u00eda Javier Sanz","og_description":"In nuestra empresa de carpinter\u00eda, estamos comprometidos en ofrecerte soluciones de almacenamiento personalizadas que optimizan el espacio y embellecen tu hogar con funcionalidad y estilo. Nos enfocamos en el montaje de armarios a medida que se adaptan perfectamente a tus necesidades espec\u00edficas y complementan la est\u00e9tica de tu espacio. Contamos con un equipo de expertos [&hellip;]","og_url":"https:\/\/carpinteriajaviersanz.com\/eus\/armario-montado\/","og_site_name":"Carpinter\u00eda Javier Sanz","article_modified_time":"2024-06-18T15:57:15+00:00","og_image":[{"url":"https:\/\/carpinteriajaviersanz.com\/wp-content\/uploads\/elementor\/thumbs\/furniture-assembler-assembles-modern-sliding-door-wardrobe-qpuj3v8nhs9wx0jvlkh7njfcbedyoa7hyulyq1zv7i.jpg","type":"","width":"","height":""}],"twitter_card":"summary_large_image","twitter_misc":{"Est. reading time":"2 minutua"},"schema":{"@context":"https:\/\/schema.org","@graph":[{"@type":"WebPage","@id":"https:\/\/carpinteriajaviersanz.com\/armario-montado\/","url":"https:\/\/carpinteriajaviersanz.com\/armario-montado\/","name":"Armario montado - Carpinter\u00eda Javier Sanz","isPartOf":{"@id":"https:\/\/carpinteriajaviersanz.com\/#website"},"primaryImageOfPage":{"@id":"https:\/\/carpinteriajaviersanz.com\/armario-montado\/#primaryimage"},"image":{"@id":"https:\/\/carpinteriajaviersanz.com\/armario-montado\/#primaryimage"},"thumbnailUrl":"https:\/\/carpinteriajaviersanz.com\/wp-content\/uploads\/elementor\/thumbs\/furniture-assembler-assembles-modern-sliding-door-wardrobe-qpuj3v8nhs9wx0jvlkh7njfcbedyoa7hyulyq1zv7i.jpg","datePublished":"2024-06-18T15:02:48+00:00","dateModified":"2024-06-18T15:57:15+00:00","breadcrumb":{"@id":"https:\/\/carpinteriajaviersanz.com\/armario-montado\/#breadcrumb"},"inLanguage":"eu","potentialAction":[{"@type":"ReadAction","target":["https:\/\/carpinteriajaviersanz.com\/armario-montado\/"]}]},{"@type":"ImageObject","inLanguage":"eu","@id":"https:\/\/carpinteriajaviersanz.com\/armario-montado\/#primaryimage","url":"https:\/\/carpinteriajaviersanz.com\/wp-content\/uploads\/elementor\/thumbs\/furniture-assembler-assembles-modern-sliding-door-wardrobe-qpuj3v8nhs9wx0jvlkh7njfcbedyoa7hyulyq1zv7i.jpg","contentUrl":"https:\/\/carpinteriajaviersanz.com\/wp-content\/uploads\/elementor\/thumbs\/furniture-assembler-assembles-modern-sliding-door-wardrobe-qpuj3v8nhs9wx0jvlkh7njfcbedyoa7hyulyq1zv7i.jpg"},{"@type":"BreadcrumbList","@id":"https:\/\/carpinteriajaviersanz.com\/armario-montado\/#breadcrumb","itemListElement":[{"@type":"ListItem","position":1,"name":"Portada","item":"https:\/\/carpinteriajaviersanz.com\/"},{"@type":"ListItem","position":2,"name":"Armario montado"}]},{"@type":"WebSite","@id":"https:\/\/carpinteriajaviersanz.com\/#website","url":"https:\/\/carpinteriajaviersanz.com\/","name":"Carpinter\u00eda Javier Sanz","description":"Somos una empresa de carpinter\u00eda con tres d\u00e9cadas de experiencia, especializada en carpinter\u00eda interior. Dise\u00f1amos y fabricamos muebles a medida, instalamos puertas, armarios empotrados, revestimientos y restauramos piezas antiguas.","publisher":{"@id":"https:\/\/carpinteriajaviersanz.com\/#organization"},"potentialAction":[{"@type":"SearchAction","target":{"@type":"EntryPoint","urlTemplate":"https:\/\/carpinteriajaviersanz.com\/?s={search_term_string}"},"query-input":{"@type":"PropertyValueSpecification","valueRequired":true,"valueName":"search_term_string"}}],"inLanguage":"eu"},{"@type":"Organization","@id":"https:\/\/carpinteriajaviersanz.com\/#organization","name":"Carpinter\u00eda Javier Sanz","url":"https:\/\/carpinteriajaviersanz.com\/","logo":{"@type":"ImageObject","inLanguage":"eu","@id":"https:\/\/carpinteriajaviersanz.com\/#\/schema\/logo\/image\/","url":"https:\/\/carpinteriajaviersanz.com\/wp-content\/uploads\/2024\/05\/cropped-Captura-desde-2024-05-21-12-48-39-1.png","contentUrl":"https:\/\/carpinteriajaviersanz.com\/wp-content\/uploads\/2024\/05\/cropped-Captura-desde-2024-05-21-12-48-39-1.png","width":692,"height":253,"caption":"Carpinter\u00eda Javier Sanz"},"image":{"@id":"https:\/\/carpinteriajaviersanz.com\/#\/schema\/logo\/image\/"}}]}},"_links":{"self":[{"href":"https:\/\/carpinteriajaviersanz.com\/eus\/wp-json\/wp\/v2\/pages\/817","targetHints":{"allow":["GET"]}}],"collection":[{"href":"https:\/\/carpinteriajaviersanz.com\/eus\/wp-json\/wp\/v2\/pages"}],"about":[{"href":"https:\/\/carpinteriajaviersanz.com\/eus\/wp-json\/wp\/v2\/types\/page"}],"author":[{"embeddable":true,"href":"https:\/\/carpinteriajaviersanz.com\/eus\/wp-json\/wp\/v2\/users\/1"}],"replies":[{"embeddable":true,"href":"https:\/\/carpinteriajaviersanz.com\/eus\/wp-json\/wp\/v2\/comments?post=817"}],"version-history":[{"count":7,"href":"https:\/\/carpinteriajaviersanz.com\/eus\/wp-json\/wp\/v2\/pages\/817\/revisions"}],"predecessor-version":[{"id":853,"href":"https:\/\/carpinteriajaviersanz.com\/eus\/wp-json\/wp\/v2\/pages\/817\/revisions\/853"}],"wp:attachment":[{"href":"https:\/\/carpinteriajaviersanz.com\/eus\/wp-json\/wp\/v2\/media?parent=817"}],"curies":[{"name":"wp","href":"https:\/\/api.w.org\/{rel}","templated":true}]}}