{"id":665,"date":"2024-06-18T10:37:31","date_gmt":"2024-06-18T10:37:31","guid":{"rendered":"https:\/\/carpinteriajaviersanz.com\/?page_id=665"},"modified":"2024-06-18T16:13:53","modified_gmt":"2024-06-18T16:13:53","slug":"catalogo","status":"publish","type":"page","link":"https:\/\/carpinteriajaviersanz.com\/eus\/catalogo\/","title":{"rendered":"Catalogo"},"content":{"rendered":"<div data-elementor-type=\"wp-page\" data-elementor-id=\"665\" class=\"elementor elementor-665\" data-elementor-post-type=\"page\">\n\t\t\t\t<div class=\"elementor-element elementor-element-c8227c0 e-grid e-con-boxed e-con e-parent\" data-id=\"c8227c0\" data-element_type=\"container\" data-e-type=\"container\">\n\t\t\t\t\t<div class=\"e-con-inner\">\n\t\t\t\t<div class=\"elementor-element elementor-element-6e10f72 elementor-widget elementor-widget-image\" data-id=\"6e10f72\" data-element_type=\"widget\" data-e-type=\"widget\" data-widget_type=\"image.default\">\n\t\t\t\t<div class=\"elementor-widget-container\">\n\t\t\t\t\t\t\t\t\t\t\t\t\t\t\t<img fetchpriority=\"high\" decoding=\"async\" width=\"800\" height=\"530\" src=\"https:\/\/carpinteriajaviersanz.com\/wp-content\/uploads\/2024\/05\/colorful-doors-1024x678.jpg\" class=\"attachment-large size-large wp-image-98\" alt=\"Colorful doors\" srcset=\"https:\/\/carpinteriajaviersanz.com\/wp-content\/uploads\/2024\/05\/colorful-doors-1024x678.jpg 1024w, https:\/\/carpinteriajaviersanz.com\/wp-content\/uploads\/2024\/05\/colorful-doors-300x199.jpg 300w, https:\/\/carpinteriajaviersanz.com\/wp-content\/uploads\/2024\/05\/colorful-doors-768x509.jpg 768w, https:\/\/carpinteriajaviersanz.com\/wp-content\/uploads\/2024\/05\/colorful-doors-1536x1018.jpg 1536w, https:\/\/carpinteriajaviersanz.com\/wp-content\/uploads\/2024\/05\/colorful-doors-18x12.jpg 18w, https:\/\/carpinteriajaviersanz.com\/wp-content\/uploads\/2024\/05\/colorful-doors.jpg 2000w\" sizes=\"(max-width: 800px) 100vw, 800px\" \/>\t\t\t\t\t\t\t\t\t\t\t\t\t\t\t<\/div>\n\t\t\t\t<\/div>\n\t\t\t\t<div class=\"elementor-element elementor-element-714ba8b elementor-widget elementor-widget-image\" data-id=\"714ba8b\" data-element_type=\"widget\" data-e-type=\"widget\" data-widget_type=\"image.default\">\n\t\t\t\t<div class=\"elementor-widget-container\">\n\t\t\t\t\t\t\t\t\t\t\t\t\t\t\t<img decoding=\"async\" width=\"640\" height=\"640\" src=\"https:\/\/carpinteriajaviersanz.com\/wp-content\/uploads\/2024\/05\/52328328_2158218160906633_4687418944829521920_n.jpg\" class=\"attachment-large size-large wp-image-103\" alt=\"\" srcset=\"https:\/\/carpinteriajaviersanz.com\/wp-content\/uploads\/2024\/05\/52328328_2158218160906633_4687418944829521920_n.jpg 640w, https:\/\/carpinteriajaviersanz.com\/wp-content\/uploads\/2024\/05\/52328328_2158218160906633_4687418944829521920_n-300x300.jpg 300w, https:\/\/carpinteriajaviersanz.com\/wp-content\/uploads\/2024\/05\/52328328_2158218160906633_4687418944829521920_n-150x150.jpg 150w, https:\/\/carpinteriajaviersanz.com\/wp-content\/uploads\/2024\/05\/52328328_2158218160906633_4687418944829521920_n-12x12.jpg 12w\" sizes=\"(max-width: 640px) 100vw, 640px\" \/>\t\t\t\t\t\t\t\t\t\t\t\t\t\t\t<\/div>\n\t\t\t\t<\/div>\n\t\t\t\t<div class=\"elementor-element elementor-element-1913618 elementor-widget elementor-widget-image\" data-id=\"1913618\" data-element_type=\"widget\" data-e-type=\"widget\" data-widget_type=\"image.default\">\n\t\t\t\t<div class=\"elementor-widget-container\">\n\t\t\t\t\t\t\t\t\t\t\t\t\t\t\t<img decoding=\"async\" width=\"800\" height=\"533\" src=\"https:\/\/carpinteriajaviersanz.com\/wp-content\/uploads\/2024\/05\/a-front-entrance-of-a-home-with-a-door-1024x682.jpg\" class=\"attachment-large size-large wp-image-121\" alt=\"A front entrance of a home with a door\" srcset=\"https:\/\/carpinteriajaviersanz.com\/wp-content\/uploads\/2024\/05\/a-front-entrance-of-a-home-with-a-door-1024x682.jpg 1024w, https:\/\/carpinteriajaviersanz.com\/wp-content\/uploads\/2024\/05\/a-front-entrance-of-a-home-with-a-door-300x200.jpg 300w, https:\/\/carpinteriajaviersanz.com\/wp-content\/uploads\/2024\/05\/a-front-entrance-of-a-home-with-a-door-768x512.jpg 768w, https:\/\/carpinteriajaviersanz.com\/wp-content\/uploads\/2024\/05\/a-front-entrance-of-a-home-with-a-door-1536x1024.jpg 1536w, https:\/\/carpinteriajaviersanz.com\/wp-content\/uploads\/2024\/05\/a-front-entrance-of-a-home-with-a-door-18x12.jpg 18w, https:\/\/carpinteriajaviersanz.com\/wp-content\/uploads\/2024\/05\/a-front-entrance-of-a-home-with-a-door.jpg 2000w\" sizes=\"(max-width: 800px) 100vw, 800px\" \/>\t\t\t\t\t\t\t\t\t\t\t\t\t\t\t<\/div>\n\t\t\t\t<\/div>\n\t\t\t\t<div class=\"elementor-element elementor-element-100d938 elementor-widget elementor-widget-image\" data-id=\"100d938\" data-element_type=\"widget\" data-e-type=\"widget\" data-widget_type=\"image.default\">\n\t\t\t\t<div class=\"elementor-widget-container\">\n\t\t\t\t\t\t\t\t\t\t\t\t\t\t\t<img loading=\"lazy\" decoding=\"async\" width=\"800\" height=\"534\" src=\"https:\/\/carpinteriajaviersanz.com\/wp-content\/uploads\/2024\/05\/old-brick-wall-with-door--1024x684.jpg\" class=\"attachment-large size-large wp-image-123\" alt=\"Old Brick Wall with Door.\" srcset=\"https:\/\/carpinteriajaviersanz.com\/wp-content\/uploads\/2024\/05\/old-brick-wall-with-door--1024x684.jpg 1024w, https:\/\/carpinteriajaviersanz.com\/wp-content\/uploads\/2024\/05\/old-brick-wall-with-door--300x200.jpg 300w, https:\/\/carpinteriajaviersanz.com\/wp-content\/uploads\/2024\/05\/old-brick-wall-with-door--768x513.jpg 768w, https:\/\/carpinteriajaviersanz.com\/wp-content\/uploads\/2024\/05\/old-brick-wall-with-door--1536x1025.jpg 1536w, https:\/\/carpinteriajaviersanz.com\/wp-content\/uploads\/2024\/05\/old-brick-wall-with-door--18x12.jpg 18w, https:\/\/carpinteriajaviersanz.com\/wp-content\/uploads\/2024\/05\/old-brick-wall-with-door-.jpg 2000w\" sizes=\"(max-width: 800px) 100vw, 800px\" \/>\t\t\t\t\t\t\t\t\t\t\t\t\t\t\t<\/div>\n\t\t\t\t<\/div>\n\t\t\t\t<div class=\"elementor-element elementor-element-d6c3665 elementor-widget elementor-widget-image\" data-id=\"d6c3665\" data-element_type=\"widget\" data-e-type=\"widget\" data-widget_type=\"image.default\">\n\t\t\t\t<div class=\"elementor-widget-container\">\n\t\t\t\t\t\t\t\t\t\t\t\t\t\t\t<img loading=\"lazy\" decoding=\"async\" width=\"800\" height=\"534\" src=\"https:\/\/carpinteriajaviersanz.com\/wp-content\/uploads\/2024\/05\/three-blue-doors-1024x684.jpg\" class=\"attachment-large size-large wp-image-124\" alt=\"Three blue doors\" srcset=\"https:\/\/carpinteriajaviersanz.com\/wp-content\/uploads\/2024\/05\/three-blue-doors-1024x684.jpg 1024w, https:\/\/carpinteriajaviersanz.com\/wp-content\/uploads\/2024\/05\/three-blue-doors-300x200.jpg 300w, https:\/\/carpinteriajaviersanz.com\/wp-content\/uploads\/2024\/05\/three-blue-doors-768x513.jpg 768w, https:\/\/carpinteriajaviersanz.com\/wp-content\/uploads\/2024\/05\/three-blue-doors-1536x1025.jpg 1536w, https:\/\/carpinteriajaviersanz.com\/wp-content\/uploads\/2024\/05\/three-blue-doors-18x12.jpg 18w, https:\/\/carpinteriajaviersanz.com\/wp-content\/uploads\/2024\/05\/three-blue-doors.jpg 2000w\" sizes=\"(max-width: 800px) 100vw, 800px\" \/>\t\t\t\t\t\t\t\t\t\t\t\t\t\t\t<\/div>\n\t\t\t\t<\/div>\n\t\t\t\t<div class=\"elementor-element elementor-element-9cff5d6 elementor-widget elementor-widget-image\" data-id=\"9cff5d6\" data-element_type=\"widget\" data-e-type=\"widget\" data-widget_type=\"image.default\">\n\t\t\t\t<div class=\"elementor-widget-container\">\n\t\t\t\t\t\t\t\t\t\t\t\t\t\t\t<img loading=\"lazy\" decoding=\"async\" width=\"800\" height=\"533\" src=\"https:\/\/carpinteriajaviersanz.com\/wp-content\/uploads\/2024\/05\/wooden-door-1024x682.jpg\" class=\"attachment-large size-large wp-image-125\" alt=\"Wooden door\" srcset=\"https:\/\/carpinteriajaviersanz.com\/wp-content\/uploads\/2024\/05\/wooden-door-1024x682.jpg 1024w, https:\/\/carpinteriajaviersanz.com\/wp-content\/uploads\/2024\/05\/wooden-door-300x200.jpg 300w, https:\/\/carpinteriajaviersanz.com\/wp-content\/uploads\/2024\/05\/wooden-door-768x512.jpg 768w, https:\/\/carpinteriajaviersanz.com\/wp-content\/uploads\/2024\/05\/wooden-door-1536x1024.jpg 1536w, https:\/\/carpinteriajaviersanz.com\/wp-content\/uploads\/2024\/05\/wooden-door-18x12.jpg 18w, https:\/\/carpinteriajaviersanz.com\/wp-content\/uploads\/2024\/05\/wooden-door.jpg 2000w\" sizes=\"(max-width: 800px) 100vw, 800px\" \/>\t\t\t\t\t\t\t\t\t\t\t\t\t\t\t<\/div>\n\t\t\t\t<\/div>\n\t\t\t\t<div class=\"elementor-element elementor-element-201e66e elementor-widget elementor-widget-image\" data-id=\"201e66e\" data-element_type=\"widget\" data-e-type=\"widget\" data-widget_type=\"image.default\">\n\t\t\t\t<div class=\"elementor-widget-container\">\n\t\t\t\t\t\t\t\t\t\t\t\t\t\t\t<img loading=\"lazy\" decoding=\"async\" width=\"800\" height=\"579\" src=\"https:\/\/carpinteriajaviersanz.com\/wp-content\/uploads\/2024\/05\/closed-metal-blue-vintage-door-traditional-doors-with-decorations-house-entrance--1024x741.jpg\" class=\"attachment-large size-large wp-image-126\" alt=\"Closed metal blue vintage door. Traditional doors with decorations. House entrance.\" srcset=\"https:\/\/carpinteriajaviersanz.com\/wp-content\/uploads\/2024\/05\/closed-metal-blue-vintage-door-traditional-doors-with-decorations-house-entrance--1024x741.jpg 1024w, https:\/\/carpinteriajaviersanz.com\/wp-content\/uploads\/2024\/05\/closed-metal-blue-vintage-door-traditional-doors-with-decorations-house-entrance--300x217.jpg 300w, https:\/\/carpinteriajaviersanz.com\/wp-content\/uploads\/2024\/05\/closed-metal-blue-vintage-door-traditional-doors-with-decorations-house-entrance--768x556.jpg 768w, https:\/\/carpinteriajaviersanz.com\/wp-content\/uploads\/2024\/05\/closed-metal-blue-vintage-door-traditional-doors-with-decorations-house-entrance--1536x1111.jpg 1536w, https:\/\/carpinteriajaviersanz.com\/wp-content\/uploads\/2024\/05\/closed-metal-blue-vintage-door-traditional-doors-with-decorations-house-entrance--18x12.jpg 18w, https:\/\/carpinteriajaviersanz.com\/wp-content\/uploads\/2024\/05\/closed-metal-blue-vintage-door-traditional-doors-with-decorations-house-entrance-.jpg 2000w\" sizes=\"(max-width: 800px) 100vw, 800px\" \/>\t\t\t\t\t\t\t\t\t\t\t\t\t\t\t<\/div>\n\t\t\t\t<\/div>\n\t\t\t\t<div class=\"elementor-element elementor-element-693a468 elementor-widget elementor-widget-image\" data-id=\"693a468\" data-element_type=\"widget\" data-e-type=\"widget\" data-widget_type=\"image.default\">\n\t\t\t\t<div class=\"elementor-widget-container\">\n\t\t\t\t\t\t\t\t\t\t\t\t\t\t\t<img loading=\"lazy\" decoding=\"async\" width=\"800\" height=\"533\" src=\"https:\/\/carpinteriajaviersanz.com\/wp-content\/uploads\/2024\/05\/corner-of-a-room-with-doors-1024x682.jpg\" class=\"attachment-large size-large wp-image-127\" alt=\"Corner of a room with doors\" srcset=\"https:\/\/carpinteriajaviersanz.com\/wp-content\/uploads\/2024\/05\/corner-of-a-room-with-doors-1024x682.jpg 1024w, https:\/\/carpinteriajaviersanz.com\/wp-content\/uploads\/2024\/05\/corner-of-a-room-with-doors-300x200.jpg 300w, https:\/\/carpinteriajaviersanz.com\/wp-content\/uploads\/2024\/05\/corner-of-a-room-with-doors-768x512.jpg 768w, https:\/\/carpinteriajaviersanz.com\/wp-content\/uploads\/2024\/05\/corner-of-a-room-with-doors-1536x1024.jpg 1536w, https:\/\/carpinteriajaviersanz.com\/wp-content\/uploads\/2024\/05\/corner-of-a-room-with-doors-18x12.jpg 18w, https:\/\/carpinteriajaviersanz.com\/wp-content\/uploads\/2024\/05\/corner-of-a-room-with-doors.jpg 2000w\" sizes=\"(max-width: 800px) 100vw, 800px\" \/>\t\t\t\t\t\t\t\t\t\t\t\t\t\t\t<\/div>\n\t\t\t\t<\/div>\n\t\t\t\t<div class=\"elementor-element elementor-element-cd3bb04 elementor-widget elementor-widget-image\" data-id=\"cd3bb04\" data-element_type=\"widget\" data-e-type=\"widget\" data-widget_type=\"image.default\">\n\t\t\t\t<div class=\"elementor-widget-container\">\n\t\t\t\t\t\t\t\t\t\t\t\t\t\t\t<img loading=\"lazy\" decoding=\"async\" width=\"800\" height=\"533\" src=\"https:\/\/carpinteriajaviersanz.com\/wp-content\/uploads\/2024\/05\/nice-corridor-with-many-doors-1024x682.jpg\" class=\"attachment-large size-large wp-image-128\" alt=\"Nice corridor with many doors\" srcset=\"https:\/\/carpinteriajaviersanz.com\/wp-content\/uploads\/2024\/05\/nice-corridor-with-many-doors-1024x682.jpg 1024w, https:\/\/carpinteriajaviersanz.com\/wp-content\/uploads\/2024\/05\/nice-corridor-with-many-doors-300x200.jpg 300w, https:\/\/carpinteriajaviersanz.com\/wp-content\/uploads\/2024\/05\/nice-corridor-with-many-doors-768x512.jpg 768w, https:\/\/carpinteriajaviersanz.com\/wp-content\/uploads\/2024\/05\/nice-corridor-with-many-doors-1536x1024.jpg 1536w, https:\/\/carpinteriajaviersanz.com\/wp-content\/uploads\/2024\/05\/nice-corridor-with-many-doors-18x12.jpg 18w, https:\/\/carpinteriajaviersanz.com\/wp-content\/uploads\/2024\/05\/nice-corridor-with-many-doors.jpg 2000w\" sizes=\"(max-width: 800px) 100vw, 800px\" \/>\t\t\t\t\t\t\t\t\t\t\t\t\t\t\t<\/div>\n\t\t\t\t<\/div>\n\t\t\t\t<div class=\"elementor-element elementor-element-afbbfe0 elementor-widget elementor-widget-image\" data-id=\"afbbfe0\" data-element_type=\"widget\" data-e-type=\"widget\" data-widget_type=\"image.default\">\n\t\t\t\t<div class=\"elementor-widget-container\">\n\t\t\t\t\t\t\t\t\t\t\t\t\t\t\t<img loading=\"lazy\" decoding=\"async\" width=\"800\" height=\"533\" src=\"https:\/\/carpinteriajaviersanz.com\/wp-content\/uploads\/2024\/05\/bright-corridor-with-doors-1024x682.jpg\" class=\"attachment-large size-large wp-image-129\" alt=\"Bright corridor with doors\" srcset=\"https:\/\/carpinteriajaviersanz.com\/wp-content\/uploads\/2024\/05\/bright-corridor-with-doors-1024x682.jpg 1024w, https:\/\/carpinteriajaviersanz.com\/wp-content\/uploads\/2024\/05\/bright-corridor-with-doors-300x200.jpg 300w, https:\/\/carpinteriajaviersanz.com\/wp-content\/uploads\/2024\/05\/bright-corridor-with-doors-768x512.jpg 768w, https:\/\/carpinteriajaviersanz.com\/wp-content\/uploads\/2024\/05\/bright-corridor-with-doors-1536x1024.jpg 1536w, https:\/\/carpinteriajaviersanz.com\/wp-content\/uploads\/2024\/05\/bright-corridor-with-doors-18x12.jpg 18w, https:\/\/carpinteriajaviersanz.com\/wp-content\/uploads\/2024\/05\/bright-corridor-with-doors.jpg 2000w\" sizes=\"(max-width: 800px) 100vw, 800px\" \/>\t\t\t\t\t\t\t\t\t\t\t\t\t\t\t<\/div>\n\t\t\t\t<\/div>\n\t\t\t\t<div class=\"elementor-element elementor-element-61317d3 elementor-widget elementor-widget-image\" data-id=\"61317d3\" data-element_type=\"widget\" data-e-type=\"widget\" data-widget_type=\"image.default\">\n\t\t\t\t<div class=\"elementor-widget-container\">\n\t\t\t\t\t\t\t\t\t\t\t\t\t\t\t<img loading=\"lazy\" decoding=\"async\" width=\"800\" height=\"517\" src=\"https:\/\/carpinteriajaviersanz.com\/wp-content\/uploads\/2024\/05\/wood-door-in-old-house-1024x662.jpg\" class=\"attachment-large size-large wp-image-137\" alt=\"Wood door in old house\" srcset=\"https:\/\/carpinteriajaviersanz.com\/wp-content\/uploads\/2024\/05\/wood-door-in-old-house-1024x662.jpg 1024w, https:\/\/carpinteriajaviersanz.com\/wp-content\/uploads\/2024\/05\/wood-door-in-old-house-300x194.jpg 300w, https:\/\/carpinteriajaviersanz.com\/wp-content\/uploads\/2024\/05\/wood-door-in-old-house-768x496.jpg 768w, https:\/\/carpinteriajaviersanz.com\/wp-content\/uploads\/2024\/05\/wood-door-in-old-house-1536x992.jpg 1536w, https:\/\/carpinteriajaviersanz.com\/wp-content\/uploads\/2024\/05\/wood-door-in-old-house-18x12.jpg 18w, https:\/\/carpinteriajaviersanz.com\/wp-content\/uploads\/2024\/05\/wood-door-in-old-house.jpg 2000w\" sizes=\"(max-width: 800px) 100vw, 800px\" \/>\t\t\t\t\t\t\t\t\t\t\t\t\t\t\t<\/div>\n\t\t\t\t<\/div>\n\t\t\t\t<div class=\"elementor-element elementor-element-27b2d98 elementor-widget elementor-widget-image\" data-id=\"27b2d98\" data-element_type=\"widget\" data-e-type=\"widget\" data-widget_type=\"image.default\">\n\t\t\t\t<div class=\"elementor-widget-container\">\n\t\t\t\t\t\t\t\t\t\t\t\t\t\t\t<img loading=\"lazy\" decoding=\"async\" width=\"800\" height=\"600\" src=\"https:\/\/carpinteriajaviersanz.com\/wp-content\/uploads\/2024\/05\/steel-metal-door-1024x768.jpg\" class=\"attachment-large size-large wp-image-140\" alt=\"Steel metal door\" srcset=\"https:\/\/carpinteriajaviersanz.com\/wp-content\/uploads\/2024\/05\/steel-metal-door-1024x768.jpg 1024w, https:\/\/carpinteriajaviersanz.com\/wp-content\/uploads\/2024\/05\/steel-metal-door-300x225.jpg 300w, https:\/\/carpinteriajaviersanz.com\/wp-content\/uploads\/2024\/05\/steel-metal-door-768x576.jpg 768w, https:\/\/carpinteriajaviersanz.com\/wp-content\/uploads\/2024\/05\/steel-metal-door-1536x1152.jpg 1536w, https:\/\/carpinteriajaviersanz.com\/wp-content\/uploads\/2024\/05\/steel-metal-door-16x12.jpg 16w, https:\/\/carpinteriajaviersanz.com\/wp-content\/uploads\/2024\/05\/steel-metal-door.jpg 2000w\" sizes=\"(max-width: 800px) 100vw, 800px\" \/>\t\t\t\t\t\t\t\t\t\t\t\t\t\t\t<\/div>\n\t\t\t\t<\/div>\n\t\t\t\t\t<\/div>\n\t\t\t\t<\/div>\n\t\t\t\t<\/div>","protected":false},"excerpt":{"rendered":"","protected":false},"author":1,"featured_media":0,"parent":0,"menu_order":0,"comment_status":"closed","ping_status":"closed","template":"elementor_canvas","meta":{"footnotes":""},"class_list":["post-665","page","type-page","status-publish","hentry"],"yoast_head":"<!-- This site is optimized with the Yoast SEO plugin v27.4 - https:\/\/yoast.com\/product\/yoast-seo-wordpress\/ -->\n<title>Catalogo - Carpinter\u00eda Javier Sanz<\/title>\n<meta name=\"robots\" content=\"index, follow, max-snippet:-1, max-image-preview:large, max-video-preview:-1\" \/>\n<link rel=\"canonical\" href=\"https:\/\/carpinteriajaviersanz.com\/eus\/catalogo\/\" \/>\n<meta property=\"og:locale\" content=\"en_US\" \/>\n<meta property=\"og:type\" content=\"article\" \/>\n<meta property=\"og:title\" content=\"Catalogo - Carpinter\u00eda Javier Sanz\" \/>\n<meta property=\"og:url\" content=\"https:\/\/carpinteriajaviersanz.com\/eus\/catalogo\/\" \/>\n<meta property=\"og:site_name\" content=\"Carpinter\u00eda Javier Sanz\" \/>\n<meta property=\"article:modified_time\" content=\"2024-06-18T16:13:53+00:00\" \/>\n<meta property=\"og:image\" content=\"https:\/\/carpinteriajaviersanz.com\/wp-content\/uploads\/2024\/05\/colorful-doors-1024x678.jpg\" \/>\n<meta name=\"twitter:card\" content=\"summary_large_image\" \/>\n<meta name=\"twitter:label1\" content=\"Est. reading time\" \/>\n\t<meta name=\"twitter:data1\" content=\"3 minutua\" \/>\n<script type=\"application\/ld+json\" class=\"yoast-schema-graph\">{\"@context\":\"https:\\\/\\\/schema.org\",\"@graph\":[{\"@type\":\"WebPage\",\"@id\":\"https:\\\/\\\/carpinteriajaviersanz.com\\\/catalogo\\\/\",\"url\":\"https:\\\/\\\/carpinteriajaviersanz.com\\\/catalogo\\\/\",\"name\":\"Catalogo - Carpinter\u00eda Javier Sanz\",\"isPartOf\":{\"@id\":\"https:\\\/\\\/carpinteriajaviersanz.com\\\/#website\"},\"primaryImageOfPage\":{\"@id\":\"https:\\\/\\\/carpinteriajaviersanz.com\\\/catalogo\\\/#primaryimage\"},\"image\":{\"@id\":\"https:\\\/\\\/carpinteriajaviersanz.com\\\/catalogo\\\/#primaryimage\"},\"thumbnailUrl\":\"https:\\\/\\\/carpinteriajaviersanz.com\\\/wp-content\\\/uploads\\\/2024\\\/05\\\/colorful-doors-1024x678.jpg\",\"datePublished\":\"2024-06-18T10:37:31+00:00\",\"dateModified\":\"2024-06-18T16:13:53+00:00\",\"breadcrumb\":{\"@id\":\"https:\\\/\\\/carpinteriajaviersanz.com\\\/catalogo\\\/#breadcrumb\"},\"inLanguage\":\"eu\",\"potentialAction\":[{\"@type\":\"ReadAction\",\"target\":[\"https:\\\/\\\/carpinteriajaviersanz.com\\\/catalogo\\\/\"]}]},{\"@type\":\"ImageObject\",\"inLanguage\":\"eu\",\"@id\":\"https:\\\/\\\/carpinteriajaviersanz.com\\\/catalogo\\\/#primaryimage\",\"url\":\"https:\\\/\\\/carpinteriajaviersanz.com\\\/wp-content\\\/uploads\\\/2024\\\/05\\\/colorful-doors-1024x678.jpg\",\"contentUrl\":\"https:\\\/\\\/carpinteriajaviersanz.com\\\/wp-content\\\/uploads\\\/2024\\\/05\\\/colorful-doors-1024x678.jpg\"},{\"@type\":\"BreadcrumbList\",\"@id\":\"https:\\\/\\\/carpinteriajaviersanz.com\\\/catalogo\\\/#breadcrumb\",\"itemListElement\":[{\"@type\":\"ListItem\",\"position\":1,\"name\":\"Portada\",\"item\":\"https:\\\/\\\/carpinteriajaviersanz.com\\\/\"},{\"@type\":\"ListItem\",\"position\":2,\"name\":\"Catalogo\"}]},{\"@type\":\"WebSite\",\"@id\":\"https:\\\/\\\/carpinteriajaviersanz.com\\\/#website\",\"url\":\"https:\\\/\\\/carpinteriajaviersanz.com\\\/\",\"name\":\"Carpinter\u00eda Javier Sanz\",\"description\":\"Somos una empresa de carpinter\u00eda con tres d\u00e9cadas de experiencia, especializada en carpinter\u00eda interior. Dise\u00f1amos y fabricamos muebles a medida, instalamos puertas, armarios empotrados, revestimientos y restauramos piezas antiguas.\",\"publisher\":{\"@id\":\"https:\\\/\\\/carpinteriajaviersanz.com\\\/#organization\"},\"potentialAction\":[{\"@type\":\"SearchAction\",\"target\":{\"@type\":\"EntryPoint\",\"urlTemplate\":\"https:\\\/\\\/carpinteriajaviersanz.com\\\/?s={search_term_string}\"},\"query-input\":{\"@type\":\"PropertyValueSpecification\",\"valueRequired\":true,\"valueName\":\"search_term_string\"}}],\"inLanguage\":\"eu\"},{\"@type\":\"Organization\",\"@id\":\"https:\\\/\\\/carpinteriajaviersanz.com\\\/#organization\",\"name\":\"Carpinter\u00eda Javier Sanz\",\"url\":\"https:\\\/\\\/carpinteriajaviersanz.com\\\/\",\"logo\":{\"@type\":\"ImageObject\",\"inLanguage\":\"eu\",\"@id\":\"https:\\\/\\\/carpinteriajaviersanz.com\\\/#\\\/schema\\\/logo\\\/image\\\/\",\"url\":\"https:\\\/\\\/carpinteriajaviersanz.com\\\/wp-content\\\/uploads\\\/2024\\\/05\\\/cropped-Captura-desde-2024-05-21-12-48-39-1.png\",\"contentUrl\":\"https:\\\/\\\/carpinteriajaviersanz.com\\\/wp-content\\\/uploads\\\/2024\\\/05\\\/cropped-Captura-desde-2024-05-21-12-48-39-1.png\",\"width\":692,\"height\":253,\"caption\":\"Carpinter\u00eda Javier Sanz\"},\"image\":{\"@id\":\"https:\\\/\\\/carpinteriajaviersanz.com\\\/#\\\/schema\\\/logo\\\/image\\\/\"}}]}<\/script>\n<!-- \/ Yoast SEO plugin. -->","yoast_head_json":{"title":"Catalogo - Carpinter\u00eda Javier Sanz","robots":{"index":"index","follow":"follow","max-snippet":"max-snippet:-1","max-image-preview":"max-image-preview:large","max-video-preview":"max-video-preview:-1"},"canonical":"https:\/\/carpinteriajaviersanz.com\/eus\/catalogo\/","og_locale":"en_US","og_type":"article","og_title":"Catalogo - Carpinter\u00eda Javier Sanz","og_url":"https:\/\/carpinteriajaviersanz.com\/eus\/catalogo\/","og_site_name":"Carpinter\u00eda Javier Sanz","article_modified_time":"2024-06-18T16:13:53+00:00","og_image":[{"url":"https:\/\/carpinteriajaviersanz.com\/wp-content\/uploads\/2024\/05\/colorful-doors-1024x678.jpg","type":"","width":"","height":""}],"twitter_card":"summary_large_image","twitter_misc":{"Est. reading time":"3 minutua"},"schema":{"@context":"https:\/\/schema.org","@graph":[{"@type":"WebPage","@id":"https:\/\/carpinteriajaviersanz.com\/catalogo\/","url":"https:\/\/carpinteriajaviersanz.com\/catalogo\/","name":"Catalogo - Carpinter\u00eda Javier Sanz","isPartOf":{"@id":"https:\/\/carpinteriajaviersanz.com\/#website"},"primaryImageOfPage":{"@id":"https:\/\/carpinteriajaviersanz.com\/catalogo\/#primaryimage"},"image":{"@id":"https:\/\/carpinteriajaviersanz.com\/catalogo\/#primaryimage"},"thumbnailUrl":"https:\/\/carpinteriajaviersanz.com\/wp-content\/uploads\/2024\/05\/colorful-doors-1024x678.jpg","datePublished":"2024-06-18T10:37:31+00:00","dateModified":"2024-06-18T16:13:53+00:00","breadcrumb":{"@id":"https:\/\/carpinteriajaviersanz.com\/catalogo\/#breadcrumb"},"inLanguage":"eu","potentialAction":[{"@type":"ReadAction","target":["https:\/\/carpinteriajaviersanz.com\/catalogo\/"]}]},{"@type":"ImageObject","inLanguage":"eu","@id":"https:\/\/carpinteriajaviersanz.com\/catalogo\/#primaryimage","url":"https:\/\/carpinteriajaviersanz.com\/wp-content\/uploads\/2024\/05\/colorful-doors-1024x678.jpg","contentUrl":"https:\/\/carpinteriajaviersanz.com\/wp-content\/uploads\/2024\/05\/colorful-doors-1024x678.jpg"},{"@type":"BreadcrumbList","@id":"https:\/\/carpinteriajaviersanz.com\/catalogo\/#breadcrumb","itemListElement":[{"@type":"ListItem","position":1,"name":"Portada","item":"https:\/\/carpinteriajaviersanz.com\/"},{"@type":"ListItem","position":2,"name":"Catalogo"}]},{"@type":"WebSite","@id":"https:\/\/carpinteriajaviersanz.com\/#website","url":"https:\/\/carpinteriajaviersanz.com\/","name":"Carpinter\u00eda Javier Sanz","description":"Somos una empresa de carpinter\u00eda con tres d\u00e9cadas de experiencia, especializada en carpinter\u00eda interior. Dise\u00f1amos y fabricamos muebles a medida, instalamos puertas, armarios empotrados, revestimientos y restauramos piezas antiguas.","publisher":{"@id":"https:\/\/carpinteriajaviersanz.com\/#organization"},"potentialAction":[{"@type":"SearchAction","target":{"@type":"EntryPoint","urlTemplate":"https:\/\/carpinteriajaviersanz.com\/?s={search_term_string}"},"query-input":{"@type":"PropertyValueSpecification","valueRequired":true,"valueName":"search_term_string"}}],"inLanguage":"eu"},{"@type":"Organization","@id":"https:\/\/carpinteriajaviersanz.com\/#organization","name":"Carpinter\u00eda Javier Sanz","url":"https:\/\/carpinteriajaviersanz.com\/","logo":{"@type":"ImageObject","inLanguage":"eu","@id":"https:\/\/carpinteriajaviersanz.com\/#\/schema\/logo\/image\/","url":"https:\/\/carpinteriajaviersanz.com\/wp-content\/uploads\/2024\/05\/cropped-Captura-desde-2024-05-21-12-48-39-1.png","contentUrl":"https:\/\/carpinteriajaviersanz.com\/wp-content\/uploads\/2024\/05\/cropped-Captura-desde-2024-05-21-12-48-39-1.png","width":692,"height":253,"caption":"Carpinter\u00eda Javier Sanz"},"image":{"@id":"https:\/\/carpinteriajaviersanz.com\/#\/schema\/logo\/image\/"}}]}},"_links":{"self":[{"href":"https:\/\/carpinteriajaviersanz.com\/eus\/wp-json\/wp\/v2\/pages\/665","targetHints":{"allow":["GET"]}}],"collection":[{"href":"https:\/\/carpinteriajaviersanz.com\/eus\/wp-json\/wp\/v2\/pages"}],"about":[{"href":"https:\/\/carpinteriajaviersanz.com\/eus\/wp-json\/wp\/v2\/types\/page"}],"author":[{"embeddable":true,"href":"https:\/\/carpinteriajaviersanz.com\/eus\/wp-json\/wp\/v2\/users\/1"}],"replies":[{"embeddable":true,"href":"https:\/\/carpinteriajaviersanz.com\/eus\/wp-json\/wp\/v2\/comments?post=665"}],"version-history":[{"count":7,"href":"https:\/\/carpinteriajaviersanz.com\/eus\/wp-json\/wp\/v2\/pages\/665\/revisions"}],"predecessor-version":[{"id":865,"href":"https:\/\/carpinteriajaviersanz.com\/eus\/wp-json\/wp\/v2\/pages\/665\/revisions\/865"}],"wp:attachment":[{"href":"https:\/\/carpinteriajaviersanz.com\/eus\/wp-json\/wp\/v2\/media?parent=665"}],"curies":[{"name":"wp","href":"https:\/\/api.w.org\/{rel}","templated":true}]}}