{"id":660,"date":"2024-06-18T10:35:34","date_gmt":"2024-06-18T10:35:34","guid":{"rendered":"https:\/\/carpinteriajaviersanz.com\/?page_id=660"},"modified":"2024-06-20T09:53:19","modified_gmt":"2024-06-20T09:53:19","slug":"proyectos","status":"publish","type":"page","link":"https:\/\/carpinteriajaviersanz.com\/eus\/proyectos\/","title":{"rendered":"Proyectos"},"content":{"rendered":"<div data-elementor-type=\"wp-page\" data-elementor-id=\"660\" class=\"elementor elementor-660\" data-elementor-post-type=\"page\">\n\t\t\t\t<div class=\"elementor-element elementor-element-9055535 e-flex e-con-boxed e-con e-parent\" data-id=\"9055535\" data-element_type=\"container\" data-e-type=\"container\">\n\t\t\t\t\t<div class=\"e-con-inner\">\n\t\t<div class=\"elementor-element elementor-element-2615075 e-con-full e-flex e-con e-child\" data-id=\"2615075\" data-element_type=\"container\" data-e-type=\"container\">\n\t\t\t\t<div class=\"elementor-element elementor-element-3f22564 elementor-widget elementor-widget-image\" data-id=\"3f22564\" data-element_type=\"widget\" data-e-type=\"widget\" data-widget_type=\"image.default\">\n\t\t\t\t<div class=\"elementor-widget-container\">\n\t\t\t\t\t\t\t\t\t\t\t\t\t\t\t\t<a href=\"https:\/\/carpinteriajaviersanz.com\/eus\/renovacion-del-hogar\/\">\n\t\t\t\t\t\t\t<img fetchpriority=\"high\" decoding=\"async\" width=\"300\" height=\"225\" src=\"https:\/\/carpinteriajaviersanz.com\/wp-content\/uploads\/2024\/05\/WhatsApp-Image-2024-05-13-at-11.46.37-1-Ruth-Gonzalez-300x225.jpeg\" class=\"attachment-medium size-medium wp-image-164\" alt=\"\" srcset=\"https:\/\/carpinteriajaviersanz.com\/wp-content\/uploads\/2024\/05\/WhatsApp-Image-2024-05-13-at-11.46.37-1-Ruth-Gonzalez-300x225.jpeg 300w, https:\/\/carpinteriajaviersanz.com\/wp-content\/uploads\/2024\/05\/WhatsApp-Image-2024-05-13-at-11.46.37-1-Ruth-Gonzalez-1024x768.jpeg 1024w, https:\/\/carpinteriajaviersanz.com\/wp-content\/uploads\/2024\/05\/WhatsApp-Image-2024-05-13-at-11.46.37-1-Ruth-Gonzalez-768x576.jpeg 768w, https:\/\/carpinteriajaviersanz.com\/wp-content\/uploads\/2024\/05\/WhatsApp-Image-2024-05-13-at-11.46.37-1-Ruth-Gonzalez-1536x1152.jpeg 1536w, https:\/\/carpinteriajaviersanz.com\/wp-content\/uploads\/2024\/05\/WhatsApp-Image-2024-05-13-at-11.46.37-1-Ruth-Gonzalez-16x12.jpeg 16w, https:\/\/carpinteriajaviersanz.com\/wp-content\/uploads\/2024\/05\/WhatsApp-Image-2024-05-13-at-11.46.37-1-Ruth-Gonzalez.jpeg 2048w\" sizes=\"(max-width: 300px) 100vw, 300px\" \/>\t\t\t\t\t\t\t\t<\/a>\n\t\t\t\t\t\t\t\t\t\t\t\t\t\t\t<\/div>\n\t\t\t\t<\/div>\n\t\t\t\t<div class=\"elementor-element elementor-element-66900c0 elementor-widget elementor-widget-heading\" data-id=\"66900c0\" data-element_type=\"widget\" data-e-type=\"widget\" data-widget_type=\"heading.default\">\n\t\t\t\t<div class=\"elementor-widget-container\">\n\t\t\t\t\t<h2 class=\"elementor-heading-title elementor-size-default\">Renovaci\u00f3n del hogar<\/h2>\t\t\t\t<\/div>\n\t\t\t\t<\/div>\n\t\t\t\t<\/div>\n\t\t<div class=\"elementor-element elementor-element-a080a62 e-con-full e-flex e-con e-child\" data-id=\"a080a62\" data-element_type=\"container\" data-e-type=\"container\">\n\t\t\t\t<div class=\"elementor-element elementor-element-4953c86 elementor-widget__width-initial elementor-widget elementor-widget-image\" data-id=\"4953c86\" data-element_type=\"widget\" data-e-type=\"widget\" data-widget_type=\"image.default\">\n\t\t\t\t<div class=\"elementor-widget-container\">\n\t\t\t\t\t\t\t\t\t\t\t\t\t\t\t\t<a href=\"https:\/\/carpinteriajaviersanz.com\/eus\/suelo-flotante\/\">\n\t\t\t\t\t\t\t<img decoding=\"async\" width=\"300\" height=\"225\" src=\"https:\/\/carpinteriajaviersanz.com\/wp-content\/uploads\/2024\/05\/WhatsApp-Image-2024-05-13-at-11.46.37-2-Ruth-Gonzalez-e1716366418892-300x225.jpeg\" class=\"attachment-medium size-medium wp-image-179\" alt=\"\" srcset=\"https:\/\/carpinteriajaviersanz.com\/wp-content\/uploads\/2024\/05\/WhatsApp-Image-2024-05-13-at-11.46.37-2-Ruth-Gonzalez-e1716366418892-300x225.jpeg 300w, https:\/\/carpinteriajaviersanz.com\/wp-content\/uploads\/2024\/05\/WhatsApp-Image-2024-05-13-at-11.46.37-2-Ruth-Gonzalez-e1716366418892-1024x767.jpeg 1024w, https:\/\/carpinteriajaviersanz.com\/wp-content\/uploads\/2024\/05\/WhatsApp-Image-2024-05-13-at-11.46.37-2-Ruth-Gonzalez-e1716366418892-768x575.jpeg 768w, https:\/\/carpinteriajaviersanz.com\/wp-content\/uploads\/2024\/05\/WhatsApp-Image-2024-05-13-at-11.46.37-2-Ruth-Gonzalez-e1716366418892-16x12.jpeg 16w, https:\/\/carpinteriajaviersanz.com\/wp-content\/uploads\/2024\/05\/WhatsApp-Image-2024-05-13-at-11.46.37-2-Ruth-Gonzalez-e1716366418892.jpeg 1536w\" sizes=\"(max-width: 300px) 100vw, 300px\" \/>\t\t\t\t\t\t\t\t<\/a>\n\t\t\t\t\t\t\t\t\t\t\t\t\t\t\t<\/div>\n\t\t\t\t<\/div>\n\t\t\t\t<div class=\"elementor-element elementor-element-ed3ee14 elementor-widget elementor-widget-heading\" data-id=\"ed3ee14\" data-element_type=\"widget\" data-e-type=\"widget\" data-widget_type=\"heading.default\">\n\t\t\t\t<div class=\"elementor-widget-container\">\n\t\t\t\t\t<h2 class=\"elementor-heading-title elementor-size-default\">Suelo flotante<\/h2>\t\t\t\t<\/div>\n\t\t\t\t<\/div>\n\t\t\t\t<\/div>\n\t\t<div class=\"elementor-element elementor-element-d474a8a e-con-full e-flex e-con e-child\" data-id=\"d474a8a\" data-element_type=\"container\" data-e-type=\"container\">\n\t\t\t\t<div class=\"elementor-element elementor-element-ecbcb8e elementor-widget elementor-widget-image\" data-id=\"ecbcb8e\" data-element_type=\"widget\" data-e-type=\"widget\" data-widget_type=\"image.default\">\n\t\t\t\t<div class=\"elementor-widget-container\">\n\t\t\t\t\t\t\t\t\t\t\t\t\t\t\t\t<a href=\"https:\/\/carpinteriajaviersanz.com\/eus\/reformacion-del-hogar\/\">\n\t\t\t\t\t\t\t<img decoding=\"async\" width=\"300\" height=\"225\" src=\"https:\/\/carpinteriajaviersanz.com\/wp-content\/uploads\/2024\/05\/WhatsApp-Image-2024-05-13-at-11.46.39-Ruth-Gonzalez-e1716367138512-300x225.jpeg\" class=\"attachment-medium size-medium wp-image-209\" alt=\"\" srcset=\"https:\/\/carpinteriajaviersanz.com\/wp-content\/uploads\/2024\/05\/WhatsApp-Image-2024-05-13-at-11.46.39-Ruth-Gonzalez-e1716367138512-300x225.jpeg 300w, https:\/\/carpinteriajaviersanz.com\/wp-content\/uploads\/2024\/05\/WhatsApp-Image-2024-05-13-at-11.46.39-Ruth-Gonzalez-e1716367138512-1024x767.jpeg 1024w, https:\/\/carpinteriajaviersanz.com\/wp-content\/uploads\/2024\/05\/WhatsApp-Image-2024-05-13-at-11.46.39-Ruth-Gonzalez-e1716367138512-768x575.jpeg 768w, https:\/\/carpinteriajaviersanz.com\/wp-content\/uploads\/2024\/05\/WhatsApp-Image-2024-05-13-at-11.46.39-Ruth-Gonzalez-e1716367138512-16x12.jpeg 16w, https:\/\/carpinteriajaviersanz.com\/wp-content\/uploads\/2024\/05\/WhatsApp-Image-2024-05-13-at-11.46.39-Ruth-Gonzalez-e1716367138512.jpeg 1536w\" sizes=\"(max-width: 300px) 100vw, 300px\" \/>\t\t\t\t\t\t\t\t<\/a>\n\t\t\t\t\t\t\t\t\t\t\t\t\t\t\t<\/div>\n\t\t\t\t<\/div>\n\t\t\t\t<div class=\"elementor-element elementor-element-ae20a07 elementor-widget elementor-widget-heading\" data-id=\"ae20a07\" data-element_type=\"widget\" data-e-type=\"widget\" data-widget_type=\"heading.default\">\n\t\t\t\t<div class=\"elementor-widget-container\">\n\t\t\t\t\t<h2 class=\"elementor-heading-title elementor-size-default\">Reformaci\u00f3n del hogar<\/h2>\t\t\t\t<\/div>\n\t\t\t\t<\/div>\n\t\t\t\t<\/div>\n\t\t<div class=\"elementor-element elementor-element-aa3033b e-con-full e-flex e-con e-child\" data-id=\"aa3033b\" data-element_type=\"container\" data-e-type=\"container\">\n\t\t\t\t<div class=\"elementor-element elementor-element-1e1a8e1 elementor-widget elementor-widget-image\" data-id=\"1e1a8e1\" data-element_type=\"widget\" data-e-type=\"widget\" data-widget_type=\"image.default\">\n\t\t\t\t<div class=\"elementor-widget-container\">\n\t\t\t\t\t\t\t\t\t\t\t\t\t\t\t\t<a href=\"https:\/\/carpinteriajaviersanz.com\/eus\/armario-montado\/\">\n\t\t\t\t\t\t\t<img loading=\"lazy\" decoding=\"async\" width=\"300\" height=\"225\" src=\"https:\/\/carpinteriajaviersanz.com\/wp-content\/uploads\/2024\/05\/WhatsApp-Image-2024-05-13-at-11.46.40-4-Ruth-Gonzalez-e1716385556989-300x225.jpeg\" class=\"attachment-medium size-medium wp-image-211\" alt=\"\" srcset=\"https:\/\/carpinteriajaviersanz.com\/wp-content\/uploads\/2024\/05\/WhatsApp-Image-2024-05-13-at-11.46.40-4-Ruth-Gonzalez-e1716385556989-300x225.jpeg 300w, https:\/\/carpinteriajaviersanz.com\/wp-content\/uploads\/2024\/05\/WhatsApp-Image-2024-05-13-at-11.46.40-4-Ruth-Gonzalez-e1716385556989-768x575.jpeg 768w, https:\/\/carpinteriajaviersanz.com\/wp-content\/uploads\/2024\/05\/WhatsApp-Image-2024-05-13-at-11.46.40-4-Ruth-Gonzalez-e1716385556989-1024x767.jpeg 1024w, https:\/\/carpinteriajaviersanz.com\/wp-content\/uploads\/2024\/05\/WhatsApp-Image-2024-05-13-at-11.46.40-4-Ruth-Gonzalez-e1716385556989-16x12.jpeg 16w, https:\/\/carpinteriajaviersanz.com\/wp-content\/uploads\/2024\/05\/WhatsApp-Image-2024-05-13-at-11.46.40-4-Ruth-Gonzalez-e1716385556989.jpeg 1536w\" sizes=\"(max-width: 300px) 100vw, 300px\" \/>\t\t\t\t\t\t\t\t<\/a>\n\t\t\t\t\t\t\t\t\t\t\t\t\t\t\t<\/div>\n\t\t\t\t<\/div>\n\t\t\t\t<div class=\"elementor-element elementor-element-10f531a elementor-widget elementor-widget-heading\" data-id=\"10f531a\" data-element_type=\"widget\" data-e-type=\"widget\" data-widget_type=\"heading.default\">\n\t\t\t\t<div class=\"elementor-widget-container\">\n\t\t\t\t\t<h2 class=\"elementor-heading-title elementor-size-default\">Armario montado<\/h2>\t\t\t\t<\/div>\n\t\t\t\t<\/div>\n\t\t\t\t<\/div>\n\t\t\t\t\t<\/div>\n\t\t\t\t<\/div>\n\t\t\t\t<\/div>","protected":false},"excerpt":{"rendered":"<p>Renovaci\u00f3n del hogar Suelo flotante Reformaci\u00f3n del hogar Armario montado<\/p>","protected":false},"author":1,"featured_media":0,"parent":0,"menu_order":0,"comment_status":"closed","ping_status":"closed","template":"elementor_canvas","meta":{"footnotes":""},"class_list":["post-660","page","type-page","status-publish","hentry"],"yoast_head":"<!-- This site is optimized with the Yoast SEO plugin v27.4 - https:\/\/yoast.com\/product\/yoast-seo-wordpress\/ -->\n<title>Proyectos - Carpinter\u00eda Javier Sanz<\/title>\n<meta name=\"robots\" content=\"index, follow, max-snippet:-1, max-image-preview:large, max-video-preview:-1\" \/>\n<link rel=\"canonical\" href=\"https:\/\/carpinteriajaviersanz.com\/eus\/proyectos\/\" \/>\n<meta property=\"og:locale\" content=\"en_US\" \/>\n<meta property=\"og:type\" content=\"article\" \/>\n<meta property=\"og:title\" content=\"Proyectos - Carpinter\u00eda Javier Sanz\" \/>\n<meta property=\"og:description\" content=\"Renovaci\u00f3n del hogar Suelo flotante Reformaci\u00f3n del hogar Armario montado\" \/>\n<meta property=\"og:url\" content=\"https:\/\/carpinteriajaviersanz.com\/eus\/proyectos\/\" \/>\n<meta property=\"og:site_name\" content=\"Carpinter\u00eda Javier Sanz\" \/>\n<meta property=\"article:modified_time\" content=\"2024-06-20T09:53:19+00:00\" \/>\n<meta property=\"og:image\" content=\"https:\/\/carpinteriajaviersanz.com\/wp-content\/uploads\/2024\/05\/WhatsApp-Image-2024-05-13-at-11.46.37-1-Ruth-Gonzalez-300x225.jpeg\" \/>\n<meta name=\"twitter:card\" content=\"summary_large_image\" \/>\n<meta name=\"twitter:label1\" content=\"Est. reading time\" \/>\n\t<meta name=\"twitter:data1\" content=\"1 minutua\" \/>\n<script type=\"application\/ld+json\" class=\"yoast-schema-graph\">{\"@context\":\"https:\\\/\\\/schema.org\",\"@graph\":[{\"@type\":\"WebPage\",\"@id\":\"https:\\\/\\\/carpinteriajaviersanz.com\\\/proyectos\\\/\",\"url\":\"https:\\\/\\\/carpinteriajaviersanz.com\\\/proyectos\\\/\",\"name\":\"Proyectos - Carpinter\u00eda Javier Sanz\",\"isPartOf\":{\"@id\":\"https:\\\/\\\/carpinteriajaviersanz.com\\\/#website\"},\"primaryImageOfPage\":{\"@id\":\"https:\\\/\\\/carpinteriajaviersanz.com\\\/proyectos\\\/#primaryimage\"},\"image\":{\"@id\":\"https:\\\/\\\/carpinteriajaviersanz.com\\\/proyectos\\\/#primaryimage\"},\"thumbnailUrl\":\"https:\\\/\\\/carpinteriajaviersanz.com\\\/wp-content\\\/uploads\\\/2024\\\/05\\\/WhatsApp-Image-2024-05-13-at-11.46.37-1-Ruth-Gonzalez-300x225.jpeg\",\"datePublished\":\"2024-06-18T10:35:34+00:00\",\"dateModified\":\"2024-06-20T09:53:19+00:00\",\"breadcrumb\":{\"@id\":\"https:\\\/\\\/carpinteriajaviersanz.com\\\/proyectos\\\/#breadcrumb\"},\"inLanguage\":\"eu\",\"potentialAction\":[{\"@type\":\"ReadAction\",\"target\":[\"https:\\\/\\\/carpinteriajaviersanz.com\\\/proyectos\\\/\"]}]},{\"@type\":\"ImageObject\",\"inLanguage\":\"eu\",\"@id\":\"https:\\\/\\\/carpinteriajaviersanz.com\\\/proyectos\\\/#primaryimage\",\"url\":\"https:\\\/\\\/carpinteriajaviersanz.com\\\/wp-content\\\/uploads\\\/2024\\\/05\\\/WhatsApp-Image-2024-05-13-at-11.46.37-1-Ruth-Gonzalez-300x225.jpeg\",\"contentUrl\":\"https:\\\/\\\/carpinteriajaviersanz.com\\\/wp-content\\\/uploads\\\/2024\\\/05\\\/WhatsApp-Image-2024-05-13-at-11.46.37-1-Ruth-Gonzalez-300x225.jpeg\"},{\"@type\":\"BreadcrumbList\",\"@id\":\"https:\\\/\\\/carpinteriajaviersanz.com\\\/proyectos\\\/#breadcrumb\",\"itemListElement\":[{\"@type\":\"ListItem\",\"position\":1,\"name\":\"Portada\",\"item\":\"https:\\\/\\\/carpinteriajaviersanz.com\\\/\"},{\"@type\":\"ListItem\",\"position\":2,\"name\":\"Proyectos\"}]},{\"@type\":\"WebSite\",\"@id\":\"https:\\\/\\\/carpinteriajaviersanz.com\\\/#website\",\"url\":\"https:\\\/\\\/carpinteriajaviersanz.com\\\/\",\"name\":\"Carpinter\u00eda Javier Sanz\",\"description\":\"Somos una empresa de carpinter\u00eda con tres d\u00e9cadas de experiencia, especializada en carpinter\u00eda interior. Dise\u00f1amos y fabricamos muebles a medida, instalamos puertas, armarios empotrados, revestimientos y restauramos piezas antiguas.\",\"publisher\":{\"@id\":\"https:\\\/\\\/carpinteriajaviersanz.com\\\/#organization\"},\"potentialAction\":[{\"@type\":\"SearchAction\",\"target\":{\"@type\":\"EntryPoint\",\"urlTemplate\":\"https:\\\/\\\/carpinteriajaviersanz.com\\\/?s={search_term_string}\"},\"query-input\":{\"@type\":\"PropertyValueSpecification\",\"valueRequired\":true,\"valueName\":\"search_term_string\"}}],\"inLanguage\":\"eu\"},{\"@type\":\"Organization\",\"@id\":\"https:\\\/\\\/carpinteriajaviersanz.com\\\/#organization\",\"name\":\"Carpinter\u00eda Javier Sanz\",\"url\":\"https:\\\/\\\/carpinteriajaviersanz.com\\\/\",\"logo\":{\"@type\":\"ImageObject\",\"inLanguage\":\"eu\",\"@id\":\"https:\\\/\\\/carpinteriajaviersanz.com\\\/#\\\/schema\\\/logo\\\/image\\\/\",\"url\":\"https:\\\/\\\/carpinteriajaviersanz.com\\\/wp-content\\\/uploads\\\/2024\\\/05\\\/cropped-Captura-desde-2024-05-21-12-48-39-1.png\",\"contentUrl\":\"https:\\\/\\\/carpinteriajaviersanz.com\\\/wp-content\\\/uploads\\\/2024\\\/05\\\/cropped-Captura-desde-2024-05-21-12-48-39-1.png\",\"width\":692,\"height\":253,\"caption\":\"Carpinter\u00eda Javier Sanz\"},\"image\":{\"@id\":\"https:\\\/\\\/carpinteriajaviersanz.com\\\/#\\\/schema\\\/logo\\\/image\\\/\"}}]}<\/script>\n<!-- \/ Yoast SEO plugin. -->","yoast_head_json":{"title":"Proyectos - Carpinter\u00eda Javier Sanz","robots":{"index":"index","follow":"follow","max-snippet":"max-snippet:-1","max-image-preview":"max-image-preview:large","max-video-preview":"max-video-preview:-1"},"canonical":"https:\/\/carpinteriajaviersanz.com\/eus\/proyectos\/","og_locale":"en_US","og_type":"article","og_title":"Proyectos - Carpinter\u00eda Javier Sanz","og_description":"Renovaci\u00f3n del hogar Suelo flotante Reformaci\u00f3n del hogar Armario montado","og_url":"https:\/\/carpinteriajaviersanz.com\/eus\/proyectos\/","og_site_name":"Carpinter\u00eda Javier Sanz","article_modified_time":"2024-06-20T09:53:19+00:00","og_image":[{"url":"https:\/\/carpinteriajaviersanz.com\/wp-content\/uploads\/2024\/05\/WhatsApp-Image-2024-05-13-at-11.46.37-1-Ruth-Gonzalez-300x225.jpeg","type":"","width":"","height":""}],"twitter_card":"summary_large_image","twitter_misc":{"Est. reading time":"1 minutua"},"schema":{"@context":"https:\/\/schema.org","@graph":[{"@type":"WebPage","@id":"https:\/\/carpinteriajaviersanz.com\/proyectos\/","url":"https:\/\/carpinteriajaviersanz.com\/proyectos\/","name":"Proyectos - Carpinter\u00eda Javier Sanz","isPartOf":{"@id":"https:\/\/carpinteriajaviersanz.com\/#website"},"primaryImageOfPage":{"@id":"https:\/\/carpinteriajaviersanz.com\/proyectos\/#primaryimage"},"image":{"@id":"https:\/\/carpinteriajaviersanz.com\/proyectos\/#primaryimage"},"thumbnailUrl":"https:\/\/carpinteriajaviersanz.com\/wp-content\/uploads\/2024\/05\/WhatsApp-Image-2024-05-13-at-11.46.37-1-Ruth-Gonzalez-300x225.jpeg","datePublished":"2024-06-18T10:35:34+00:00","dateModified":"2024-06-20T09:53:19+00:00","breadcrumb":{"@id":"https:\/\/carpinteriajaviersanz.com\/proyectos\/#breadcrumb"},"inLanguage":"eu","potentialAction":[{"@type":"ReadAction","target":["https:\/\/carpinteriajaviersanz.com\/proyectos\/"]}]},{"@type":"ImageObject","inLanguage":"eu","@id":"https:\/\/carpinteriajaviersanz.com\/proyectos\/#primaryimage","url":"https:\/\/carpinteriajaviersanz.com\/wp-content\/uploads\/2024\/05\/WhatsApp-Image-2024-05-13-at-11.46.37-1-Ruth-Gonzalez-300x225.jpeg","contentUrl":"https:\/\/carpinteriajaviersanz.com\/wp-content\/uploads\/2024\/05\/WhatsApp-Image-2024-05-13-at-11.46.37-1-Ruth-Gonzalez-300x225.jpeg"},{"@type":"BreadcrumbList","@id":"https:\/\/carpinteriajaviersanz.com\/proyectos\/#breadcrumb","itemListElement":[{"@type":"ListItem","position":1,"name":"Portada","item":"https:\/\/carpinteriajaviersanz.com\/"},{"@type":"ListItem","position":2,"name":"Proyectos"}]},{"@type":"WebSite","@id":"https:\/\/carpinteriajaviersanz.com\/#website","url":"https:\/\/carpinteriajaviersanz.com\/","name":"Carpinter\u00eda Javier Sanz","description":"Somos una empresa de carpinter\u00eda con tres d\u00e9cadas de experiencia, especializada en carpinter\u00eda interior. Dise\u00f1amos y fabricamos muebles a medida, instalamos puertas, armarios empotrados, revestimientos y restauramos piezas antiguas.","publisher":{"@id":"https:\/\/carpinteriajaviersanz.com\/#organization"},"potentialAction":[{"@type":"SearchAction","target":{"@type":"EntryPoint","urlTemplate":"https:\/\/carpinteriajaviersanz.com\/?s={search_term_string}"},"query-input":{"@type":"PropertyValueSpecification","valueRequired":true,"valueName":"search_term_string"}}],"inLanguage":"eu"},{"@type":"Organization","@id":"https:\/\/carpinteriajaviersanz.com\/#organization","name":"Carpinter\u00eda Javier Sanz","url":"https:\/\/carpinteriajaviersanz.com\/","logo":{"@type":"ImageObject","inLanguage":"eu","@id":"https:\/\/carpinteriajaviersanz.com\/#\/schema\/logo\/image\/","url":"https:\/\/carpinteriajaviersanz.com\/wp-content\/uploads\/2024\/05\/cropped-Captura-desde-2024-05-21-12-48-39-1.png","contentUrl":"https:\/\/carpinteriajaviersanz.com\/wp-content\/uploads\/2024\/05\/cropped-Captura-desde-2024-05-21-12-48-39-1.png","width":692,"height":253,"caption":"Carpinter\u00eda Javier Sanz"},"image":{"@id":"https:\/\/carpinteriajaviersanz.com\/#\/schema\/logo\/image\/"}}]}},"_links":{"self":[{"href":"https:\/\/carpinteriajaviersanz.com\/eus\/wp-json\/wp\/v2\/pages\/660","targetHints":{"allow":["GET"]}}],"collection":[{"href":"https:\/\/carpinteriajaviersanz.com\/eus\/wp-json\/wp\/v2\/pages"}],"about":[{"href":"https:\/\/carpinteriajaviersanz.com\/eus\/wp-json\/wp\/v2\/types\/page"}],"author":[{"embeddable":true,"href":"https:\/\/carpinteriajaviersanz.com\/eus\/wp-json\/wp\/v2\/users\/1"}],"replies":[{"embeddable":true,"href":"https:\/\/carpinteriajaviersanz.com\/eus\/wp-json\/wp\/v2\/comments?post=660"}],"version-history":[{"count":100,"href":"https:\/\/carpinteriajaviersanz.com\/eus\/wp-json\/wp\/v2\/pages\/660\/revisions"}],"predecessor-version":[{"id":943,"href":"https:\/\/carpinteriajaviersanz.com\/eus\/wp-json\/wp\/v2\/pages\/660\/revisions\/943"}],"wp:attachment":[{"href":"https:\/\/carpinteriajaviersanz.com\/eus\/wp-json\/wp\/v2\/media?parent=660"}],"curies":[{"name":"wp","href":"https:\/\/api.w.org\/{rel}","templated":true}]}}